{"id":961,"date":"2025-12-15T17:02:59","date_gmt":"2025-12-15T16:02:59","guid":{"rendered":"https:\/\/www.sourcecode-exhibition.softwareheritage.org\/le-code-source-comme-mirroir-de-la-societe\/"},"modified":"2026-02-02T11:38:19","modified_gmt":"2026-02-02T10:38:19","slug":"le-code-source-comme-miroir-de-la-societe","status":"publish","type":"page","link":"https:\/\/www.sourcecode-exhibition.softwareheritage.org\/fr\/le-code-source-comme-miroir-de-la-societe\/","title":{"rendered":"Le code source comme miroir de la soci\u00e9t\u00e9"},"content":{"rendered":"<p>[et_pb_section fb_built=\u00a0\u00bb1&Prime; _builder_version=\u00a0\u00bb4.27.5&Prime; _module_preset=\u00a0\u00bbdefault\u00a0\u00bb background_color=\u00a0\u00bb#FFF59B\u00a0\u00bb global_module=\u00a0\u00bb403&Prime; global_colors_info=\u00a0\u00bb{}\u00a0\u00bb][et_pb_row _builder_version=\u00a0\u00bb4.27.5&Prime; _module_preset=\u00a0\u00bbdefault\u00a0\u00bb custom_margin=\u00a0\u00bb-5px|auto||auto||\u00a0\u00bb custom_padding=\u00a0\u00bb0px|||||\u00a0\u00bb global_colors_info=\u00a0\u00bb{}\u00a0\u00bb][et_pb_column type=\u00a0\u00bb4_4&Prime; _builder_version=\u00a0\u00bb4.27.5&Prime; _module_preset=\u00a0\u00bbdefault\u00a0\u00bb global_colors_info=\u00a0\u00bb{}\u00a0\u00bb][et_pb_toggle title=\u00a0\u00bbMiroir de la soci\u00e9t\u00e9\u00a0\u00bb open_toggle_text_color=\u00a0\u00bb#000000&Prime; icon_color=\u00a0\u00bb#000000&Prime; toggle_icon=\u00a0\u00bb&#x4c;||divi||400&Prime; use_icon_font_size=\u00a0\u00bbon\u00a0\u00bb icon_font_size=\u00a0\u00bb45px\u00a0\u00bb open_icon_color=\u00a0\u00bb#000000&Prime; open_toggle_icon=\u00a0\u00bb&#x4b;||divi||400&Prime; open_use_icon_font_size=\u00a0\u00bbon\u00a0\u00bb open_icon_font_size=\u00a0\u00bb45px\u00a0\u00bb _builder_version=\u00a0\u00bb4.27.5&Prime; _module_preset=\u00a0\u00bbdefault\u00a0\u00bb title_text_color=\u00a0\u00bb#000000&Prime; title_font=\u00a0\u00bbbricolage grotesque||on||||||\u00a0\u00bb title_font_size=\u00a0\u00bb51px\u00a0\u00bb background_color=\u00a0\u00bb#FFF59B\u00a0\u00bb border_width_all=\u00a0\u00bb0px\u00a0\u00bb global_colors_info=\u00a0\u00bb{}\u00a0\u00bb]<\/p>\n<p style=\"font-weight: 400;\"><strong>Le code est une forme de texte, et la programmation est une forme d\u2019\u00e9criture.<\/strong><\/p>\n<p style=\"font-weight: 400;\">Ainsi, une exposition sur le code porte avant tout sur les processus sous-jacents et le contexte dans lequel le code a \u00e9t\u00e9 produit.<\/p>\n<p style=\"font-weight: 400;\">Pour le moment, la programmation est r\u00e9alis\u00e9e principalement par des \u00eatres humains. Ceux-ci int\u00e8grent le code \u00e0 leurs pratiques scientifiques, transformant leur rapport \u00e0 des champs de recherche s\u00e9culaires comme la recherche m\u00e9dicale. Ils s\u2019adaptent \u00e0 la culture et aux contraintes de la vie en entreprise, ou, \u00e0 l\u2019inverse, r\u00e9sistent \u00e0 des r\u00e9glementations et des lois per\u00e7ues comme arbitraires. Le code transforme \u00e9galement la mani\u00e8re dont nous interagissons les uns avec les autres, comme le montrent les grands projets de logiciels libres, mais aussi avec notre environnement.   <\/p>\n<p style=\"font-weight: 400;\">Les programmeur\u00b7se\u00b7s viennent d\u2019horizons, de cultures, d\u2019\u00e2ges et d\u2019identit\u00e9s de genre vari\u00e9s. Ces diff\u00e9rences fa\u00e7onnent in\u00e9vitablement la gen\u00e8se du code et le produit final. Lire le code source permet d\u2019ouvrir une petite fen\u00eatre sur le monde des programmeur\u00b7se\u00b7s et de comprendre comment ces diff\u00e9rences s\u2019y manifestent. En m\u00eame temps, comme tout autre texte, le code source fa\u00e7onne la soci\u00e9t\u00e9 \u2013 il v\u00e9hicule les biais, normes et pr\u00e9suppos\u00e9s de son \u00e9poque et contribue \u00e0 les fa\u00e7onner.   <\/p>\n<p>[\/et_pb_toggle][\/et_pb_column][\/et_pb_row][\/et_pb_section][et_pb_section fb_built=\u00a0\u00bb1&Prime; fullwidth=\u00a0\u00bbon\u00a0\u00bb _builder_version=\u00a0\u00bb4.27.5&Prime; _module_preset=\u00a0\u00bbdefault\u00a0\u00bb global_colors_info=\u00a0\u00bb{}\u00a0\u00bb][et_pb_fullwidth_code _builder_version=\u00a0\u00bb4.27.5&Prime; _module_preset=\u00a0\u00bbdefault\u00a0\u00bb global_colors_info=\u00a0\u00bb{}\u00a0\u00bb]\n        \t\t            <style id=\"ymc-custom-css-627-1\">.ymc-container .filter-content .posts-grid .post-card__categories .post-taxonomy,.ymc-extra-container .filter-content .posts-grid .post-card__categories .post-taxonomy{display:none}.ymc-container .filter-content .posts-grid .post-card__image,.ymc-extra-container .filter-content .posts-grid .post-card__image{margin-bottom:0px}.ymc-container,.ymc-extra-container{max-width:100%}.ymc-container .filter-content .posts-grid .post-card__tags .tag,.ymc-extra-container .filter-content .posts-grid .post-card__tags .tag{border:0px solid #ccc}<\/style>\n\t\t\n                \n\t\t<div id=\"ymc-filter-1\"\n             class=\"ymc ymc-filter-grids ymc-container js-ymc-container ymc-filter-627 ymc-filter-627-1\"\n             data-params=\"{&quot;post_types&quot;:[&quot;post&quot;],&quot;taxonomies&quot;:[&quot;category&quot;],&quot;terms&quot;:[36],&quot;preloader_settings&quot;:{&quot;icon&quot;:&quot;dual_arc&quot;,&quot;filter_preloader&quot;:&quot;grayscale&quot;,&quot;custom_filters_css&quot;:&quot;&quot;},&quot;filter_id&quot;:627,&quot;counter&quot;:1,&quot;page_id&quot;:0,&quot;paged&quot;:1}\"\n             data-loading-enabled=\"true\"\n             data-grid-style=\"grid\"\n             data-filter-id=\"627\">\n\t\t\t\r\n\t    <style>\r\n\t    .ymc-filter-627, .ymc-extra-filter-627 {\r\n\t        --ymc-filter-font-family: inherit;\r\n\t        --ymc-filter-font-size: 16px;\r\n\t        --ymc-filter-font-weight: 400;\r\n\t        --ymc-filter-font-style: normal;\r\n\t        --ymc-filter-line-height: 1.4;\r\n\t        --ymc-filter-letter-spacing: 1;\r\n\t        --ymc-filter-text-transform: none;\r\n\t        --ymc-filter-background-color: rgb(255,255,255);\r\n\t        --ymc-filter-color: rgb(0,0,0);\r\n\t        --ymc-filter-active-color: rgb(0,0,0);\r\n\t        --ymc-filter-active-background-color: #1f1f1f;\r\n\t        --ymc-filter-hover-text-color: #ffffff;\r\n\t        --ymc-filter-hover-background-color: rgba(0,0,0,0.76);\r\n\t        --ymc-filter-justify-content: flex-start;\r\n\t        --ymc-filter-padding-top: 10px;\n--ymc-filter-padding-right: 20px;\n--ymc-filter-padding-bottom: 10px;\n--ymc-filter-padding-left: 20px;\n\r\n\t        --ymc-filter-margin-top: 0px;\n--ymc-filter-margin-right: 10px;\n--ymc-filter-margin-bottom: 10px;\n--ymc-filter-margin-left: 0px;\n\r\n\t\r\n\t        --ymc-post-title-font-family: inherit;\r\n\t        --ymc-post-title-font-size: 24px;\r\n\t        --ymc-post-title-font-weight: 600;\r\n\t        --ymc-post-title-text-transform: none;\r\n\t        --ymc-post-title-line-height: 1.4;\r\n\t        --ymc-post-title-letter-spacing: 1;\r\n\t        --ymc-post-title-color: #1f1f1f;\r\n\t\r\n\t        --ymc-post-meta-font-family: inherit;\r\n\t        --ymc-post-meta-font-size: 14px;\r\n\t        --ymc-post-meta-font-weight: 400;\r\n\t        --ymc-post-meta-color: #1f1f1f;\r\n\t\r\n\t        --ymc-post-excerpt-font-family: inherit;\r\n\t        --ymc-post-excerpt-font-size: 16px;\r\n\t        --ymc-post-excerpt-font-weight: 400;\r\n\t        --ymc-post-excerpt-line-height: 1.4;\r\n\t        --ymc-post-excerpt-font-style: normal;\r\n\t        --ymc-post-excerpt-transform: none;\r\n\t        --ymc-post-excerpt-letter-spacing: 1;\r\n\t        --ymc-post-excerpt-color: #1f1f1f;\r\n\t\r\n\t        --ymc-post-link-font-family: inherit;\r\n\t        --ymc-post-link-font-size: 16px;\r\n\t        --ymc-post-link-font-weight: 400;\r\n\t        --ymc-post-link-transform: none;\r\n\t        --ymc-post-link-letter-spacing: 1;\r\n\t        --ymc-post-link-color: #1f1f1f;\r\n\t    }\r\n\t    <\/style>\n<div class=\"filter-posts-wrapper\">\n\t\t\t    <div class=\"filter-layout filter-layout--top filter-hidden\">\n                <div class=\"filter-content\">\n                        <div class=\"posts-grid js-ajax-content ymc-cols-xxs-1 ymc-cols-xs-1 ymc-cols-sm-2 ymc-cols-md-2 ymc-cols-lg-3 ymc-cols-xl-3 ymc-col-gap-0 ymc-row-gap-0 ymc-col-gap-0 ymc-row-gap-0\"><\/div>\n\t                <\/div>\n    <\/div>\n<\/div>\n\n\t\t<\/div>\n\t\t[\/et_pb_fullwidth_code][\/et_pb_section]<\/p>\n","protected":false},"excerpt":{"rendered":"<p>Le code est une forme de texte, et la programmation est une forme d\u2019\u00e9criture. Ainsi, une exposition sur le code porte avant tout sur les processus sous-jacents et le contexte dans lequel le code a \u00e9t\u00e9 produit. Pour le moment, la programmation est r\u00e9alis\u00e9e principalement par des \u00eatres humains. Ceux-ci int\u00e8grent le code \u00e0 leurs [&hellip;]<\/p>\n","protected":false},"author":5,"featured_media":0,"parent":0,"menu_order":0,"comment_status":"closed","ping_status":"closed","template":"","meta":{"_et_pb_use_builder":"on","_et_pb_old_content":"","_et_gb_content_width":"","footnotes":""},"class_list":["post-961","page","type-page","status-publish","hentry"],"_links":{"self":[{"href":"https:\/\/www.sourcecode-exhibition.softwareheritage.org\/fr\/wp-json\/wp\/v2\/pages\/961","targetHints":{"allow":["GET"]}}],"collection":[{"href":"https:\/\/www.sourcecode-exhibition.softwareheritage.org\/fr\/wp-json\/wp\/v2\/pages"}],"about":[{"href":"https:\/\/www.sourcecode-exhibition.softwareheritage.org\/fr\/wp-json\/wp\/v2\/types\/page"}],"author":[{"embeddable":true,"href":"https:\/\/www.sourcecode-exhibition.softwareheritage.org\/fr\/wp-json\/wp\/v2\/users\/5"}],"replies":[{"embeddable":true,"href":"https:\/\/www.sourcecode-exhibition.softwareheritage.org\/fr\/wp-json\/wp\/v2\/comments?post=961"}],"version-history":[{"count":11,"href":"https:\/\/www.sourcecode-exhibition.softwareheritage.org\/fr\/wp-json\/wp\/v2\/pages\/961\/revisions"}],"predecessor-version":[{"id":1662,"href":"https:\/\/www.sourcecode-exhibition.softwareheritage.org\/fr\/wp-json\/wp\/v2\/pages\/961\/revisions\/1662"}],"wp:attachment":[{"href":"https:\/\/www.sourcecode-exhibition.softwareheritage.org\/fr\/wp-json\/wp\/v2\/media?parent=961"}],"curies":[{"name":"wp","href":"https:\/\/api.w.org\/{rel}","templated":true}]}}