{"id":1603,"date":"2026-01-26T13:55:04","date_gmt":"2026-01-26T12:55:04","guid":{"rendered":"https:\/\/www.sourcecode-exhibition.softwareheritage.org\/mentions-legales\/"},"modified":"2026-01-26T23:15:57","modified_gmt":"2026-01-26T22:15:57","slug":"mentions-legales","status":"publish","type":"page","link":"https:\/\/www.sourcecode-exhibition.softwareheritage.org\/fr\/mentions-legales\/","title":{"rendered":"Mentions l\u00e9gales"},"content":{"rendered":"<p>[et_pb_section fb_built=\u00a0\u00bb1&Prime; _builder_version=\u00a0\u00bb4.27.5&Prime; _module_preset=\u00a0\u00bbdefault\u00a0\u00bb background_enable_image=\u00a0\u00bboff\u00a0\u00bb global_colors_info=\u00a0\u00bb{}\u00a0\u00bb][et_pb_row _builder_version=\u00a0\u00bb4.27.5&Prime; _module_preset=\u00a0\u00bbdefault\u00a0\u00bb global_colors_info=\u00a0\u00bb{}\u00a0\u00bb][et_pb_column type=\u00a0\u00bb4_4&Prime; _builder_version=\u00a0\u00bb4.27.5&Prime; _module_preset=\u00a0\u00bbdefault\u00a0\u00bb global_colors_info=\u00a0\u00bb{}\u00a0\u00bb][et_pb_text _builder_version=\u00a0\u00bb4.27.5&Prime; _module_preset=\u00a0\u00bbdefault\u00a0\u00bb custom_margin=\u00a0\u00bb||88px|||\u00a0\u00bb global_colors_info=\u00a0\u00bb{}\u00a0\u00bb]<\/p>\n<h1>Mentions l\u00e9gales<\/h1>\n<p>[\/et_pb_text][et_pb_text _builder_version=\u00a0\u00bb4.27.5&Prime; _module_preset=\u00a0\u00bbdefault\u00a0\u00bb hover_enabled=\u00a0\u00bb0&Prime; global_colors_info=\u00a0\u00bb{}\u00a0\u00bb sticky_enabled=\u00a0\u00bb0&Prime;]<\/p>\n<h2><b>Informations l\u00e9gales<\/b><\/h2>\n<p>Inria<br \/>Domaine de Voluceau Rocquencourt &#8211; B.P. 105<br \/>78153 Le Chesnay Cedex &#8211; France<br \/>+33 1 39 63 55 11<\/p>\n<ul>\n<li><strong>Directeur de publication <\/strong>: Bruno Sportisse, Pr\u00e9sident-directeur g\u00e9n\u00e9ral d&rsquo;Inria<\/li>\n<li><strong>R\u00e9dactrices en chef :<\/strong> Camille Picard, Inria, DCIS \/ Mathilde Fichen, Software Heritage <a href=\"mailto:sourcecode-exhibit@inria.fr\"><\/a><\/li>\n<li><strong>H\u00e9bergeur<\/strong> : Gandi<\/li>\n<\/ul>\n<h3>Contact<\/h3>\n<p><a href=\"mailto:sourcecode-exhibit@inria.fr\"><b>sourcecode-exhibit@inria.fr<\/b><\/a><\/p>\n<h2 data-once=\"summary-processed\" id=\"a2\">Contenu du site<\/h2>\n<p><span>Software Heritage et Inria s&rsquo;efforcent d&rsquo;assurer au mieux de ses possibilit\u00e9s, l&rsquo;exactitude et la mise \u00e0 jour des informations diffus\u00e9es, au moment de leur mise en ligne sur le site. Cependant, Software Heritage and Inria ne garantissent en aucune fa\u00e7on l&rsquo;exactitude, la pr\u00e9cision ou l&rsquo;exhaustivit\u00e9 des informations mises \u00e0 disposition sur le site. Les informations pr\u00e9sentes sur le site sont non-contractuelles et peuvent \u00eatre modifi\u00e9es \u00e0 tout moment.<br \/>  <\/span><\/p>\n<h3 data-once=\"summary-processed\" id=\"a3\"><span style=\"font-weight: 400;\"><b>Cr\u00e9ation graphique<\/b><\/span><\/h3>\n<p data-once=\"summary-processed\">Vincent Devillard<\/p>\n<h2 data-once=\"summary-processed\">Propri\u00e9t\u00e9 intellectuelle<\/h2>\n<p>Sauf indication contraire sur un panneau ou une image, le contenu de l\u2019exposition est diffus\u00e9 sous licence Creative Commons Attribution (CC BY 4.0) <b>https:\/\/creativecommons.org\/licenses\/by\/4.0\/deed.fr.<\/b><\/p>\n<h2>Politique de confidentialit\u00e9<\/h2>\n<p><span style=\"font-weight: 400;\">Les cookies d\u00e9pos\u00e9s par le site ont une finalit\u00e9 strictement limit\u00e9e \u00e0 la mesure de l\u2019audience du site. Dans ce cadre, les donn\u00e9es statistiques sont anonymis\u00e9es.<br \/> <\/span><\/p>\n<p>[\/et_pb_text][\/et_pb_column][\/et_pb_row][\/et_pb_section]<\/p>\n","protected":false},"excerpt":{"rendered":"<p>Mentions l\u00e9galesInformations l\u00e9gales InriaDomaine de Voluceau Rocquencourt &#8211; B.P. 10578153 Le Chesnay Cedex &#8211; France+33 1 39 63 55 11 Directeur de publication : Bruno Sportisse, Pr\u00e9sident-directeur g\u00e9n\u00e9ral d&rsquo;Inria R\u00e9dactrices en chef : Camille Picard, Inria, DCIS \/ Mathilde Fichen, Software Heritage H\u00e9bergeur : Gandi Contact sourcecode-exhibit@inria.fr Contenu du site Software Heritage et Inria s&rsquo;efforcent [&hellip;]<\/p>\n","protected":false},"author":5,"featured_media":0,"parent":0,"menu_order":0,"comment_status":"closed","ping_status":"closed","template":"","meta":{"_et_pb_use_builder":"on","_et_pb_old_content":"","_et_gb_content_width":"","footnotes":""},"class_list":["post-1603","page","type-page","status-publish","hentry"],"_links":{"self":[{"href":"https:\/\/www.sourcecode-exhibition.softwareheritage.org\/fr\/wp-json\/wp\/v2\/pages\/1603","targetHints":{"allow":["GET"]}}],"collection":[{"href":"https:\/\/www.sourcecode-exhibition.softwareheritage.org\/fr\/wp-json\/wp\/v2\/pages"}],"about":[{"href":"https:\/\/www.sourcecode-exhibition.softwareheritage.org\/fr\/wp-json\/wp\/v2\/types\/page"}],"author":[{"embeddable":true,"href":"https:\/\/www.sourcecode-exhibition.softwareheritage.org\/fr\/wp-json\/wp\/v2\/users\/5"}],"replies":[{"embeddable":true,"href":"https:\/\/www.sourcecode-exhibition.softwareheritage.org\/fr\/wp-json\/wp\/v2\/comments?post=1603"}],"version-history":[{"count":14,"href":"https:\/\/www.sourcecode-exhibition.softwareheritage.org\/fr\/wp-json\/wp\/v2\/pages\/1603\/revisions"}],"predecessor-version":[{"id":1626,"href":"https:\/\/www.sourcecode-exhibition.softwareheritage.org\/fr\/wp-json\/wp\/v2\/pages\/1603\/revisions\/1626"}],"wp:attachment":[{"href":"https:\/\/www.sourcecode-exhibition.softwareheritage.org\/fr\/wp-json\/wp\/v2\/media?parent=1603"}],"curies":[{"name":"wp","href":"https:\/\/api.w.org\/{rel}","templated":true}]}}