{"id":1346,"date":"2026-01-21T11:02:23","date_gmt":"2026-01-21T10:02:23","guid":{"rendered":"https:\/\/www.sourcecode-exhibition.softwareheritage.org\/a-propos\/"},"modified":"2026-03-17T22:10:57","modified_gmt":"2026-03-17T21:10:57","slug":"a-propos","status":"publish","type":"page","link":"https:\/\/www.sourcecode-exhibition.softwareheritage.org\/fr\/a-propos\/","title":{"rendered":"\u00c0 Propos"},"content":{"rendered":"<p>[et_pb_section fb_built=\u00a0\u00bb1&Prime; _builder_version=\u00a0\u00bb4.27.5&Prime; _module_preset=\u00a0\u00bbdefault\u00a0\u00bb background_color=\u00a0\u00bbRGBA(255,255,255,0)\u00a0\u00bb background_image=\u00a0\u00bbhttps:\/\/www.sourcecode-exhibition.softwareheritage.org\/wp-content\/uploads\/2026\/01\/Visuel_projet11-scaled.jpg\u00a0\u00bb background_repeat=\u00a0\u00bbrepeat\u00a0\u00bb global_colors_info=\u00a0\u00bb{}\u00a0\u00bb][et_pb_row _builder_version=\u00a0\u00bb4.27.5&Prime; _module_preset=\u00a0\u00bbdefault\u00a0\u00bb background_color=\u00a0\u00bb#FFFFFF\u00a0\u00bb custom_margin=\u00a0\u00bb||||true|false\u00a0\u00bb custom_padding=\u00a0\u00bb20px|20px|20px|20px|true|true\u00a0\u00bb global_colors_info=\u00a0\u00bb{}\u00a0\u00bb][et_pb_column type=\u00a0\u00bb4_4&Prime; _builder_version=\u00a0\u00bb4.27.5&Prime; _module_preset=\u00a0\u00bbdefault\u00a0\u00bb global_colors_info=\u00a0\u00bb{}\u00a0\u00bb][et_pb_text module_class=\u00a0\u00bblegende\u00a0\u00bb _builder_version=\u00a0\u00bb4.27.5&Prime; _module_preset=\u00a0\u00bbdefault\u00a0\u00bb background_color=\u00a0\u00bb#FFFFFF\u00a0\u00bb custom_margin=\u00a0\u00bb||||true|false\u00a0\u00bb custom_padding=\u00a0\u00bb20px||20px|20px|true|false\u00a0\u00bb border_width_all=\u00a0\u00bb2px\u00a0\u00bb border_color_all=\u00a0\u00bb#000000&Prime; global_colors_info=\u00a0\u00bb{}\u00a0\u00bb]<\/p>\n<p><strong>En 2026, Software Heritage c\u00e9l\u00e8bre son 10e anniversaire. Pour marquer cet \u00e9v\u00e9nement, Software Heritage et Inria ont d\u00e9cid\u00e9 de mettre en place un dispositif original : une exposition de codes source. <\/strong><\/p>\n<p><span> L\u2019exposition, inaugur\u00e9e lors du Symposium annuel Software Heritage 2026 au si\u00e8ge de l\u2019UNESCO \u00e0 Paris le 28 janvier, et est \u00e9galement mise \u00e0 disposition en ligne et sera amen\u00e9e \u00e0 circuler dans d\u2019autres lieux.<\/span><\/p>\n<p>L\u2019exposition adopte une approche inhabituelle : elle consid\u00e8re le code source comme l\u2019objet central de l\u2019exposition, et non comme un simple \u00e9l\u00e9ment de contexte. Le code source, au-del\u00e0 de sa finalit\u00e9 technique, rec\u00e8le de multiples niveaux de sens. Il peut r\u00e9v\u00e9ler les intentions de son auteur, refl\u00e9ter le contexte historique, social et culturel de sa cr\u00e9ation, et m\u00eame exprimer un style personnel, une cr\u00e9ativit\u00e9 ou des choix esth\u00e9tiques.  <\/p>\n<p>L\u2019exposition a pour objectif de pr\u00e9senter une grande diversit\u00e9 de voix et de points de vue \u2013 notamment ceux de chercheurs, de praticiens, de scientifiques, d\u2019activistes, d\u2019artistes, et bien d\u2019autres. Un appel \u00e0 contributions a \u00e9t\u00e9 diffus\u00e9 et a suscit\u00e9 de nombreuses propositions. Le comit\u00e9 d\u2019exposition en a s\u00e9lectionn\u00e9 quinze de celles-ci, r\u00e9parties selon trois axes th\u00e9matiques : le code source comme <em>t\u00e9moignage historique<\/em>, le code source comme <em>miroir de la soci\u00e9t\u00e9<\/em>, et le code source comme<em> art\u00e9fact culturel<\/em>.  <\/p>\n<p>\u00c0 travers cette diversit\u00e9, nous esp\u00e9rons illustrer les multiples dimensions sous lesquelles le code source peut \u00eatre compris et appr\u00e9ci\u00e9. L\u2019exposition se veut \u00eatre un point de d\u00e9part pour stimuler la r\u00e9flexion et discussion autour de la place du code source dans la soci\u00e9t\u00e9, ainsi que sur le d\u00e9fi d\u2019encourager l\u2019interaction avec celui-ci au-del\u00e0 de ses seuls aspects techniques. <\/p>\n<p>[\/et_pb_text][et_pb_text _builder_version=\u00a0\u00bb4.27.5&Prime; _module_preset=\u00a0\u00bbdefault\u00a0\u00bb custom_margin=\u00a0\u00bb62px|||||\u00a0\u00bb global_colors_info=\u00a0\u00bb{}\u00a0\u00bb]<\/p>\n<h1>Remerciements et Cr\u00e9dits<\/h1>\n<p>[\/et_pb_text][et_pb_text _builder_version=\u00a0\u00bb4.27.5&Prime; _module_preset=\u00a0\u00bbdefault\u00a0\u00bb global_colors_info=\u00a0\u00bb{}\u00a0\u00bb]<\/p>\n<p>Ce projet a \u00e9t\u00e9 initi\u00e9 par<a href=\"https:\/\/www.softwareheritage.org\" target=\"_blank\" rel=\"noopener\"> Software Heritage<\/a>, une organisation \u00e0 but non lucratif d\u00e9di\u00e9e \u00e0 la collecte et \u00e0 la pr\u00e9servation des codes sources, avec le soutien d\u2019<a href=\"https:\/\/www.inria.fr\/fr\">Inria <\/a>(Institut national de recherche en sciences et technologies du num\u00e9rique). Il est financ\u00e9 conjointement par Software Heritage et Inria, et b\u00e9n\u00e9ficie du soutien de la Division de l\u2019<a href=\"https:\/\/www.unesco.org\/fr\">UNESCO<\/a> (Division pour l\u2019inclusion et les politiques num\u00e9riques et la transformation num\u00e9rique). <\/p>\n<h3><strong>Organisateurs de l\u2019exposition<\/strong><\/h3>\n<p>Responsables de la d\u00e9finition du concept de l\u2019exposition, de la s\u00e9lection des contenus et de la coordination logistique :<\/p>\n<p><strong>Mathilde Fichen <\/strong>\u2013 Doctorante, Conservatoire national des arts et m\u00e9tiers (CNAM) et Software Heritage<br \/><strong>Tita\u00ffna Kauffmann<\/strong> \u2013 Doctorante, C\u00b2DH, Universit\u00e9 du Luxembourg<br \/><strong>Stefano Peng<\/strong>e \u2013 Codexpo.org<br \/><strong>Camille Picard <\/strong>\u2013 Cheffe de projet en m\u00e9diation scientifique, Inria<\/p>\n<h3><strong>Comit\u00e9 d\u2019exposition<\/strong><\/h3>\n<p>Responsables de l\u2019examen des propositions, des d\u00e9cisions de s\u00e9lection et de la r\u00e9daction des textes d\u2019introduction :<\/p>\n<p><strong>David C. Brock<\/strong> \u2013 \u2013 Titulaire de la bourse Robert et Bette Finnigan, Computer History Museum, Silicon Valley<br \/><strong>Pierre Depaz<\/strong> \u2013 Chercheur postdoctoral, Universit\u00e9 de B\u00e2le<br \/><strong>Stefano Penge<\/strong> \u2013 Codexpo.org<br \/><strong>Val\u00e9rie Schafer<\/strong> \u2013 Professeure, C\u00b2DH, Universit\u00e9 du Luxembourg <br \/><strong>Bo\u0161tjan \u0160peti\u010d<\/strong> \u2013 Responsable des collections, Mus\u00e9e d\u2019histoire de l\u2019informatique de Slov\u00e9nie<br \/><strong>Artemis Yagou<\/strong> \u2013 Research Associate, Deutsches Museum (Munich)<\/p>\n<h3><strong>Conception graphique et direction artistique :<\/strong><\/h3>\n<p>Vincent Devillard<br \/><a href=\"https:\/\/www.vincentdevillard.com\">vincentdevillard.com<\/a><\/p>\n<h3><strong>Remerciements \u00e0 nos contributeurs<\/strong><\/h3>\n<p>Nous adressons nos plus sinc\u00e8res remerciements \u00e0 toutes les personnes qui ont contribu\u00e9 aux panneaux et aux textes. Votre expertise et votre cr\u00e9ativit\u00e9 ont rendu cette exposition possible. <\/p>\n<p>[\/et_pb_text][et_pb_text _builder_version=\u00a0\u00bb4.27.5&Prime; _module_preset=\u00a0\u00bbdefault\u00a0\u00bb custom_margin=\u00a0\u00bb62px|||||\u00a0\u00bb global_colors_info=\u00a0\u00bb{}\u00a0\u00bb]<\/p>\n<h1>Licence et R\u00e9utlisation<\/h1>\n<p>[\/et_pb_text][et_pb_text _builder_version=\u00a0\u00bb4.27.5&Prime; _module_preset=\u00a0\u00bbdefault\u00a0\u00bb global_colors_info=\u00a0\u00bb{}\u00a0\u00bb]<\/p>\n<p>Sauf indication contraire sur un panneau ou une image, le contenu de l\u2019exposition est diffus\u00e9 sous l<a href=\"https:\/\/creativecommons.org\/licenses\/by\/4.0\/deed.fr\">icence Creative Commons Attribution (CC BY 4.0)<\/a>. Cette licence autorise la r\u00e9utilisation du contenu afin d\u2019\u00e9tendre l\u2019exposition au-del\u00e0 des locaux de l\u2019UNESCO.  <\/p>\n<p>\u00a9 Source Code Exhibition 2026 \u2013 <a href=\"https:\/\/creativecommons.org\/licenses\/by\/4.0\/deed.fr\" title=\"CC BY 4.0\">CC BY 4.0<\/a>.<\/p>\n<p>[\/et_pb_text][et_pb_text _builder_version=\u00a0\u00bb4.27.5&Prime; _module_preset=\u00a0\u00bbdefault\u00a0\u00bb custom_margin=\u00a0\u00bb62px|||||\u00a0\u00bb global_colors_info=\u00a0\u00bb{}\u00a0\u00bb]<\/p>\n<h1>Contact<\/h1>\n<p>[\/et_pb_text][et_pb_text _builder_version=\u00a0\u00bb4.27.5&Prime; _module_preset=\u00a0\u00bbdefault\u00a0\u00bb global_colors_info=\u00a0\u00bb{}\u00a0\u00bb]<\/p>\n<p>N&rsquo;h\u00e9sitez pas \u00e0 contacter le comit\u00e9 d&rsquo;organisation si vous \u00eates souhaitez accueillir l&rsquo;exposition, ou pour toute pr\u00e9cision : <a href=\"mailto:sourcecode-exhibit@inria.fr\">sourcecode-exhibit@inria.fr<\/a><\/p>\n<p>[\/et_pb_text][\/et_pb_column][\/et_pb_row][et_pb_row column_structure=\u00a0\u00bb1_4,1_4,1_4,1_4&Prime; _builder_version=\u00a0\u00bb4.27.5&Prime; _module_preset=\u00a0\u00bbdefault\u00a0\u00bb global_colors_info=\u00a0\u00bb{}\u00a0\u00bb][et_pb_column type=\u00a0\u00bb1_4&Prime; _builder_version=\u00a0\u00bb4.27.5&Prime; _module_preset=\u00a0\u00bbdefault\u00a0\u00bb global_colors_info=\u00a0\u00bb{}\u00a0\u00bb][et_pb_image src=\u00a0\u00bbhttps:\/\/www.sourcecode-exhibition.softwareheritage.org\/wp-content\/uploads\/2026\/01\/Inria-FR-Logo.png\u00a0\u00bb title_text=\u00a0\u00bbInria FR Logo\u00a0\u00bb align=\u00a0\u00bbcenter\u00a0\u00bb _builder_version=\u00a0\u00bb4.27.5&Prime; _module_preset=\u00a0\u00bbdefault\u00a0\u00bb custom_padding=\u00a0\u00bb21px|||||\u00a0\u00bb global_colors_info=\u00a0\u00bb{}\u00a0\u00bb][\/et_pb_image][\/et_pb_column][et_pb_column type=\u00a0\u00bb1_4&Prime; _builder_version=\u00a0\u00bb4.27.5&Prime; _module_preset=\u00a0\u00bbdefault\u00a0\u00bb global_colors_info=\u00a0\u00bb{}\u00a0\u00bb][et_pb_image src=\u00a0\u00bbhttps:\/\/www.sourcecode-exhibition.softwareheritage.org\/wp-content\/uploads\/2026\/01\/Logo_INRIA.png\u00a0\u00bb title_text=\u00a0\u00bbLogo_INRIA\u00a0\u00bb align=\u00a0\u00bbcenter\u00a0\u00bb _builder_version=\u00a0\u00bb4.27.5&Prime; _module_preset=\u00a0\u00bbdefault\u00a0\u00bb global_colors_info=\u00a0\u00bb{}\u00a0\u00bb][\/et_pb_image][\/et_pb_column][et_pb_column type=\u00a0\u00bb1_4&Prime; _builder_version=\u00a0\u00bb4.27.5&Prime; _module_preset=\u00a0\u00bbdefault\u00a0\u00bb global_colors_info=\u00a0\u00bb{}\u00a0\u00bb][et_pb_image src=\u00a0\u00bbhttps:\/\/www.sourcecode-exhibition.softwareheritage.org\/wp-content\/uploads\/2026\/01\/Logo_SH.png\u00a0\u00bb title_text=\u00a0\u00bbLogo_SH\u00a0\u00bb align=\u00a0\u00bbcenter\u00a0\u00bb _builder_version=\u00a0\u00bb4.27.5&Prime; _module_preset=\u00a0\u00bbdefault\u00a0\u00bb custom_padding=\u00a0\u00bb29px|||||\u00a0\u00bb global_colors_info=\u00a0\u00bb{}\u00a0\u00bb][\/et_pb_image][\/et_pb_column][et_pb_column type=\u00a0\u00bb1_4&Prime; _builder_version=\u00a0\u00bb4.27.5&Prime; _module_preset=\u00a0\u00bbdefault\u00a0\u00bb global_colors_info=\u00a0\u00bb{}\u00a0\u00bb][et_pb_image src=\u00a0\u00bbhttps:\/\/www.sourcecode-exhibition.softwareheritage.org\/wp-content\/uploads\/2026\/01\/Logo_UNESCO.png\u00a0\u00bb title_text=\u00a0\u00bbLogo_UNESCO\u00a0\u00bb align=\u00a0\u00bbcenter\u00a0\u00bb _builder_version=\u00a0\u00bb4.27.5&Prime; _module_preset=\u00a0\u00bbdefault\u00a0\u00bb custom_padding=\u00a0\u00bb21px|||||\u00a0\u00bb global_colors_info=\u00a0\u00bb{}\u00a0\u00bb][\/et_pb_image][\/et_pb_column][\/et_pb_row][\/et_pb_section]<\/p>\n","protected":false},"excerpt":{"rendered":"<p>En 2026, Software Heritage c\u00e9l\u00e8bre son 10e anniversaire. Pour marquer cet \u00e9v\u00e9nement, Software Heritage et Inria ont d\u00e9cid\u00e9 de mettre en place un dispositif original : une exposition de codes source. L\u2019exposition, inaugur\u00e9e lors du Symposium annuel Software Heritage 2026 au si\u00e8ge de l\u2019UNESCO \u00e0 Paris le 28 janvier, et est \u00e9galement mise \u00e0 disposition [&hellip;]<\/p>\n","protected":false},"author":5,"featured_media":0,"parent":0,"menu_order":0,"comment_status":"closed","ping_status":"closed","template":"","meta":{"_et_pb_use_builder":"on","_et_pb_old_content":"","_et_gb_content_width":"","footnotes":""},"class_list":["post-1346","page","type-page","status-publish","hentry"],"_links":{"self":[{"href":"https:\/\/www.sourcecode-exhibition.softwareheritage.org\/fr\/wp-json\/wp\/v2\/pages\/1346","targetHints":{"allow":["GET"]}}],"collection":[{"href":"https:\/\/www.sourcecode-exhibition.softwareheritage.org\/fr\/wp-json\/wp\/v2\/pages"}],"about":[{"href":"https:\/\/www.sourcecode-exhibition.softwareheritage.org\/fr\/wp-json\/wp\/v2\/types\/page"}],"author":[{"embeddable":true,"href":"https:\/\/www.sourcecode-exhibition.softwareheritage.org\/fr\/wp-json\/wp\/v2\/users\/5"}],"replies":[{"embeddable":true,"href":"https:\/\/www.sourcecode-exhibition.softwareheritage.org\/fr\/wp-json\/wp\/v2\/comments?post=1346"}],"version-history":[{"count":9,"href":"https:\/\/www.sourcecode-exhibition.softwareheritage.org\/fr\/wp-json\/wp\/v2\/pages\/1346\/revisions"}],"predecessor-version":[{"id":1709,"href":"https:\/\/www.sourcecode-exhibition.softwareheritage.org\/fr\/wp-json\/wp\/v2\/pages\/1346\/revisions\/1709"}],"wp:attachment":[{"href":"https:\/\/www.sourcecode-exhibition.softwareheritage.org\/fr\/wp-json\/wp\/v2\/media?parent=1346"}],"curies":[{"name":"wp","href":"https:\/\/api.w.org\/{rel}","templated":true}]}}