{"id":1246,"date":"2025-12-15T16:40:45","date_gmt":"2025-12-15T15:40:45","guid":{"rendered":"https:\/\/www.sourcecode-exhibition.softwareheritage.org\/accueil\/"},"modified":"2026-02-03T14:35:00","modified_gmt":"2026-02-03T13:35:00","slug":"accueil","status":"publish","type":"page","link":"https:\/\/www.sourcecode-exhibition.softwareheritage.org\/fr\/","title":{"rendered":"Accueil"},"content":{"rendered":"<p>[et_pb_section fb_built=\u00a0\u00bb1&Prime; _builder_version=\u00a0\u00bb4.27.5&Prime; _module_preset=\u00a0\u00bbdefault\u00a0\u00bb background_image=\u00a0\u00bbhttps:\/\/www.sourcecode-exhibition.softwareheritage.org\/wp-content\/uploads\/2026\/01\/couvVF-1-scaled.jpg\u00a0\u00bb background_size=\u00a0\u00bbcontain\u00a0\u00bb background_position=\u00a0\u00bbtop_right\u00a0\u00bb background_repeat=\u00a0\u00bbround\u00a0\u00bb width=\u00a0\u00bb100%\u00a0\u00bb max_width=\u00a0\u00bb100%\u00a0\u00bb min_height=\u00a0\u00bb100%\u00a0\u00bb height=\u00a0\u00bb100%\u00a0\u00bb max_height=\u00a0\u00bb100%\u00a0\u00bb custom_margin=\u00a0\u00bb0px|0px|0px|0px|true|true\u00a0\u00bb custom_padding=\u00a0\u00bb132px|0px|195px|0px|false|true\u00a0\u00bb global_colors_info=\u00a0\u00bb{}\u00a0\u00bb][et_pb_row column_structure=\u00a0\u00bb1_2,1_2&Prime; _builder_version=\u00a0\u00bb4.16&Prime; background_size=\u00a0\u00bbinitial\u00a0\u00bb background_position=\u00a0\u00bbtop_left\u00a0\u00bb background_repeat=\u00a0\u00bbrepeat\u00a0\u00bb custom_padding=\u00a0\u00bb0px||0px|||\u00a0\u00bb global_colors_info=\u00a0\u00bb{}\u00a0\u00bb][et_pb_column type=\u00a0\u00bb1_2&Prime; _builder_version=\u00a0\u00bb4.16&Prime; custom_padding=\u00a0\u00bb|||\u00a0\u00bb global_colors_info=\u00a0\u00bb{}\u00a0\u00bb custom_padding__hover=\u00a0\u00bb|||\u00a0\u00bb][et_pb_text module_class=\u00a0\u00bbgtitre-couv1&Prime; _builder_version=\u00a0\u00bb4.27.5&Prime; _module_preset=\u00a0\u00bbdefault\u00a0\u00bb text_font=\u00a0\u00bbEscuela-regular||||||||\u00a0\u00bb text_text_color=\u00a0\u00bb#FFFFFF\u00a0\u00bb background_color=\u00a0\u00bb#000000&Prime; custom_margin=\u00a0\u00bb||2px|3px|false|false\u00a0\u00bb custom_padding=\u00a0\u00bb0px|0px|6px|0px|false|true\u00a0\u00bb global_colors_info=\u00a0\u00bb{}\u00a0\u00bb]<\/p>\n<p>SOURCE<\/p>\n<p>[\/et_pb_text][et_pb_text module_class=\u00a0\u00bbgtitre-couv2&Prime; _builder_version=\u00a0\u00bb4.27.5&Prime; _module_preset=\u00a0\u00bbdefault\u00a0\u00bb text_font=\u00a0\u00bbvcr_osd_mono||||||||\u00a0\u00bb text_text_color=\u00a0\u00bb#FFFFFF\u00a0\u00bb background_enable_color=\u00a0\u00bboff\u00a0\u00bb custom_margin=\u00a0\u00bb-3px||-4px||false|false\u00a0\u00bb custom_padding=\u00a0\u00bb||0px||false|false\u00a0\u00bb global_colors_info=\u00a0\u00bb{}\u00a0\u00bb]<\/p>\n<p><span style=\"color: #000000;\">CODE<\/span><\/p>\n<p>[\/et_pb_text][et_pb_text module_class=\u00a0\u00bbgtitre-couv3&Prime; _builder_version=\u00a0\u00bb4.27.5&Prime; _module_preset=\u00a0\u00bbdefault\u00a0\u00bb text_font=\u00a0\u00bb||||||||\u00a0\u00bb text_text_color=\u00a0\u00bb#FFFFFF\u00a0\u00bb background_enable_color=\u00a0\u00bboff\u00a0\u00bb min_height=\u00a0\u00bb48px\u00a0\u00bb custom_margin=\u00a0\u00bb-2px||70px|25px|false|false\u00a0\u00bb custom_padding=\u00a0\u00bb||||false|false\u00a0\u00bb global_colors_info=\u00a0\u00bb{}\u00a0\u00bb]<\/p>\n<p><span style=\"color: #000000;\">EXHIBITION<\/span><\/p>\n<p>[\/et_pb_text][et_pb_button button_url=\u00a0\u00bb@ET-DC@eyJkeW5hbWljIjp0cnVlLCJjb250ZW50IjoicG9zdF9saW5rX3VybF9wYWdlIiwic2V0dGluZ3MiOnsicG9zdF9pZCI6IjEwODMiLCJlbmFibGVfaHRtbCI6Im9mZiJ9fQ==@\u00a0\u00bb button_text=\u00a0\u00bbD\u00e9couvrir l\u2019exposition\u00a0\u00bb button_alignment=\u00a0\u00bbleft\u00a0\u00bb _builder_version=\u00a0\u00bb4.27.5&Prime; _dynamic_attributes=\u00a0\u00bbbutton_url\u00a0\u00bb _module_preset=\u00a0\u00bbdefault\u00a0\u00bb custom_button=\u00a0\u00bbon\u00a0\u00bb button_text_size=\u00a0\u00bb24px\u00a0\u00bb button_icon=\u00a0\u00bb&#x24;||divi||400&Prime; button_icon_color=\u00a0\u00bb#000000&Prime; button_on_hover=\u00a0\u00bboff\u00a0\u00bb global_colors_info=\u00a0\u00bb{}\u00a0\u00bb button_icon_color__hover_enabled=\u00a0\u00bbon|hover\u00a0\u00bb button_icon_color__hover=\u00a0\u00bb#FFFFFF\u00a0\u00bb][\/et_pb_button][\/et_pb_column][et_pb_column type=\u00a0\u00bb1_2&Prime; _builder_version=\u00a0\u00bb4.16&Prime; custom_padding=\u00a0\u00bb|||\u00a0\u00bb global_colors_info=\u00a0\u00bb{}\u00a0\u00bb custom_padding__hover=\u00a0\u00bb|||\u00a0\u00bb][et_pb_text module_class=\u00a0\u00bblegende\u00a0\u00bb _builder_version=\u00a0\u00bb4.27.5&Prime; _module_preset=\u00a0\u00bbdefault\u00a0\u00bb background_color=\u00a0\u00bb#FFFFFF\u00a0\u00bb custom_margin=\u00a0\u00bb||||true|false\u00a0\u00bb custom_padding=\u00a0\u00bb20px||20px|20px|true|false\u00a0\u00bb hover_enabled=\u00a0\u00bb0&Prime; border_width_all=\u00a0\u00bb2px\u00a0\u00bb border_color_all=\u00a0\u00bb#000000&Prime; global_colors_info=\u00a0\u00bb{}\u00a0\u00bb sticky_enabled=\u00a0\u00bb0&Prime;]<\/p>\n<p><strong>En 2026, Software Heritage c\u00e9l\u00e8bre son 10e anniversaire. Pour marquer cet \u00e9v\u00e9nement, Software Heritage et Inria ont d\u00e9cid\u00e9 de mettre en place un dispositif original : une exposition de codes source. <\/strong><\/p>\n<p>L\u2019exposition, inaugur\u00e9e lors du Symposium annuel Software Heritage 2026 au si\u00e8ge de l\u2019UNESCO \u00e0 Paris le 28 janvier, est \u00e9galement mise \u00e0 disposition en ligne et sera amen\u00e9e \u00e0 circuler dans d\u2019autres lieux.<\/p>\n<p>L\u2019exposition adopte une approche inhabituelle : elle consid\u00e8re le code source comme l\u2019objet central de l\u2019exposition, et non comme un simple \u00e9l\u00e9ment de contexte. Le code source, au-del\u00e0 de sa finalit\u00e9 technique, rec\u00e8le de multiples niveaux de sens. Il peut r\u00e9v\u00e9ler les intentions de son auteur, refl\u00e9ter le contexte historique, social et culturel de sa cr\u00e9ation, et m\u00eame exprimer un style personnel, une cr\u00e9ativit\u00e9 ou des choix esth\u00e9tiques.<\/p>\n<p><a href=\"https:\/\/www.sourcecode-exhibition.softwareheritage.org\/fr\/introduction\/\" title=\"https:\/\/www.sourcecode-exhibition.softwareheritage.org\/fr\/introduction\/\"><span style=\"text-decoration: underline;\"><span class=\"HwtZe\" jsname=\"jqKxS\" jsaction=\"mouseup:Sxi9L,BR6jm; mousedown:qjlr0e\" lang=\"en\"><span jsname=\"txFAF\" class=\"jCAhz ChMk0b\" jsaction=\"agoMJf:PFBcW;MZfLnc:P7O7bd;nt4Alf:pvnm0e,pfE8Hb,PFBcW;B01qod:dJXsye;H1e5u:iXtTIf;lYIUJf:hij5Wb;tSpjdb:qAKMYb\" jscontroller=\"BiTO4b\"><span class=\"ryNqvb\" jsname=\"W297wb\" jsaction=\"click:PDNqTc,GFf3ac,qlVvte;contextmenu:Nqw7Te,QP7LD; mouseout:Nqw7Te; mouseover:PDNqTc,c2aHje\">Lire plus<\/span><\/span><\/span><\/span><\/a><\/p>\n<p>[\/et_pb_text][\/et_pb_column][\/et_pb_row][\/et_pb_section][et_pb_section fb_built=\u00a0\u00bb1&Prime; _builder_version=\u00a0\u00bb4.27.5&Prime; _module_preset=\u00a0\u00bbdefault\u00a0\u00bb custom_padding=\u00a0\u00bb28px||0px|||\u00a0\u00bb global_colors_info=\u00a0\u00bb{}\u00a0\u00bb][et_pb_row _builder_version=\u00a0\u00bb4.27.5&Prime; _module_preset=\u00a0\u00bbdefault\u00a0\u00bb global_colors_info=\u00a0\u00bb{}\u00a0\u00bb][et_pb_column type=\u00a0\u00bb4_4&Prime; _builder_version=\u00a0\u00bb4.27.5&Prime; _module_preset=\u00a0\u00bbdefault\u00a0\u00bb global_colors_info=\u00a0\u00bb{}\u00a0\u00bb][et_pb_text _builder_version=\u00a0\u00bb4.27.5&Prime; _module_preset=\u00a0\u00bbdefault\u00a0\u00bb global_colors_info=\u00a0\u00bb{}\u00a0\u00bb]<\/p>\n<h1>Actualit\u00e9s<\/h1>\n<p>[\/et_pb_text][\/et_pb_column][\/et_pb_row][\/et_pb_section][et_pb_section fb_built=\u00a0\u00bb1&Prime; _builder_version=\u00a0\u00bb4.27.5&Prime; _module_preset=\u00a0\u00bbdefault\u00a0\u00bb custom_padding=\u00a0\u00bb1px||180px|||\u00a0\u00bb global_colors_info=\u00a0\u00bb{}\u00a0\u00bb][et_pb_row _builder_version=\u00a0\u00bb4.27.5&Prime; _module_preset=\u00a0\u00bbdefault\u00a0\u00bb global_colors_info=\u00a0\u00bb{}\u00a0\u00bb][et_pb_column type=\u00a0\u00bb4_4&Prime; _builder_version=\u00a0\u00bb4.27.5&Prime; _module_preset=\u00a0\u00bbdefault\u00a0\u00bb global_colors_info=\u00a0\u00bb{}\u00a0\u00bb][et_pb_code _builder_version=\u00a0\u00bb4.27.5&Prime; _module_preset=\u00a0\u00bbdefault\u00a0\u00bb global_colors_info=\u00a0\u00bb{}\u00a0\u00bb]\n        \t\t            <style id=\"ymc-custom-css-1464-1\">.ymc-container .filter-content .posts-grid .post-card__categories .post-taxonomy,.ymc-extra-container .filter-content .posts-grid .post-card__categories .post-taxonomy{display:none}.ymc-container .filter-content .posts-grid .post-card__image,.ymc-extra-container .filter-content .posts-grid .post-card__image{margin-bottom:0px}.ymc-container,.ymc-extra-container{max-width:100%}.ymc-container .filter-content .posts-grid .post-card__tags .tag,.ymc-extra-container .filter-content .posts-grid .post-card__tags .tag{border:0px solid #ccc}<\/style>\n\t\t\n                \n\t\t<div id=\"ymc-filter-1\"\n             class=\"ymc ymc-filter-grids ymc-container js-ymc-container ymc-filter-1464 ymc-filter-1464-1\"\n             data-params=\"{&quot;post_types&quot;:[&quot;post&quot;],&quot;taxonomies&quot;:[&quot;category&quot;],&quot;terms&quot;:[155],&quot;preloader_settings&quot;:{&quot;icon&quot;:&quot;dual_arc&quot;,&quot;filter_preloader&quot;:&quot;grayscale&quot;,&quot;custom_filters_css&quot;:&quot;&quot;},&quot;filter_id&quot;:1464,&quot;counter&quot;:1,&quot;page_id&quot;:0,&quot;paged&quot;:1}\"\n             data-loading-enabled=\"true\"\n             data-grid-style=\"grid\"\n             data-filter-id=\"1464\">\n\t\t\t\r\n\t    <style>\r\n\t    .ymc-filter-1464, .ymc-extra-filter-1464 {\r\n\t        --ymc-filter-font-family: inherit;\r\n\t        --ymc-filter-font-size: 16px;\r\n\t        --ymc-filter-font-weight: 400;\r\n\t        --ymc-filter-font-style: normal;\r\n\t        --ymc-filter-line-height: 1.4;\r\n\t        --ymc-filter-letter-spacing: 1;\r\n\t        --ymc-filter-text-transform: none;\r\n\t        --ymc-filter-background-color: rgb(255,255,255);\r\n\t        --ymc-filter-color: rgb(0,0,0);\r\n\t        --ymc-filter-active-color: rgb(0,0,0);\r\n\t        --ymc-filter-active-background-color: #1f1f1f;\r\n\t        --ymc-filter-hover-text-color: #ffffff;\r\n\t        --ymc-filter-hover-background-color: rgba(0,0,0,0.76);\r\n\t        --ymc-filter-justify-content: flex-start;\r\n\t        --ymc-filter-padding-top: 10px;\n--ymc-filter-padding-right: 20px;\n--ymc-filter-padding-bottom: 10px;\n--ymc-filter-padding-left: 20px;\n\r\n\t        --ymc-filter-margin-top: 0px;\n--ymc-filter-margin-right: 10px;\n--ymc-filter-margin-bottom: 10px;\n--ymc-filter-margin-left: 0px;\n\r\n\t\r\n\t        --ymc-post-title-font-family: inherit;\r\n\t        --ymc-post-title-font-size: 24px;\r\n\t        --ymc-post-title-font-weight: 600;\r\n\t        --ymc-post-title-text-transform: none;\r\n\t        --ymc-post-title-line-height: 1.4;\r\n\t        --ymc-post-title-letter-spacing: 1;\r\n\t        --ymc-post-title-color: #1f1f1f;\r\n\t\r\n\t        --ymc-post-meta-font-family: inherit;\r\n\t        --ymc-post-meta-font-size: 14px;\r\n\t        --ymc-post-meta-font-weight: 400;\r\n\t        --ymc-post-meta-color: #1f1f1f;\r\n\t\r\n\t        --ymc-post-excerpt-font-family: inherit;\r\n\t        --ymc-post-excerpt-font-size: 16px;\r\n\t        --ymc-post-excerpt-font-weight: 400;\r\n\t        --ymc-post-excerpt-line-height: 1.4;\r\n\t        --ymc-post-excerpt-font-style: normal;\r\n\t        --ymc-post-excerpt-transform: none;\r\n\t        --ymc-post-excerpt-letter-spacing: 1;\r\n\t        --ymc-post-excerpt-color: #1f1f1f;\r\n\t\r\n\t        --ymc-post-link-font-family: inherit;\r\n\t        --ymc-post-link-font-size: 16px;\r\n\t        --ymc-post-link-font-weight: 400;\r\n\t        --ymc-post-link-transform: none;\r\n\t        --ymc-post-link-letter-spacing: 1;\r\n\t        --ymc-post-link-color: #1f1f1f;\r\n\t    }\r\n\t    <\/style>\n<div class=\"filter-posts-wrapper\">\n\t\t\t    <div class=\"filter-layout filter-layout--top filter-hidden\">\n                <div class=\"filter-content\">\n                        <div class=\"posts-grid js-ajax-content ymc-cols-xxs-1 ymc-cols-xs-1 ymc-cols-sm-2 ymc-cols-md-2 ymc-cols-lg-3 ymc-cols-xl-3 ymc-col-gap-25 ymc-row-gap-25 ymc-col-gap-25 ymc-row-gap-25\"><\/div>\n\t                <\/div>\n    <\/div>\n<\/div>\n\n\t\t<\/div>\n\t\t[\/et_pb_code][\/et_pb_column][\/et_pb_row][\/et_pb_section][et_pb_section fb_built=\u00a0\u00bb1&Prime; _builder_version=\u00a0\u00bb4.27.5&Prime; _module_preset=\u00a0\u00bbdefault\u00a0\u00bb custom_padding=\u00a0\u00bb0px|||||\u00a0\u00bb global_colors_info=\u00a0\u00bb{}\u00a0\u00bb][et_pb_row _builder_version=\u00a0\u00bb4.27.5&Prime; _module_preset=\u00a0\u00bbdefault\u00a0\u00bb global_colors_info=\u00a0\u00bb{}\u00a0\u00bb][et_pb_column type=\u00a0\u00bb4_4&Prime; _builder_version=\u00a0\u00bb4.27.5&Prime; _module_preset=\u00a0\u00bbdefault\u00a0\u00bb global_colors_info=\u00a0\u00bb{}\u00a0\u00bb][et_pb_text _builder_version=\u00a0\u00bb4.27.5&Prime; _module_preset=\u00a0\u00bbdefault\u00a0\u00bb custom_margin=\u00a0\u00bb||16px|||\u00a0\u00bb global_colors_info=\u00a0\u00bb{}\u00a0\u00bb]<\/p>\n<p style=\"text-align: center;\">\u00a9 Source Code Exhibition 2026 \u2013<a href=\"https:\/\/creativecommons.org\/licenses\/by\/4.0\/deed.fr\"> <span style=\"font-weight: 400;\"><span style=\"font-weight: 400;\">CC BY 4.0<\/span><\/span>.<\/a><\/p>\n<p>[\/et_pb_text][et_pb_text _builder_version=\u00a0\u00bb4.27.5&Prime; _module_preset=\u00a0\u00bbdefault\u00a0\u00bb global_colors_info=\u00a0\u00bb{}\u00a0\u00bb]<\/p>\n<p style=\"text-align: center;\"><span style=\"text-decoration: underline;\"><a href=\"https:\/\/www.sourcecode-exhibition.softwareheritage.org\/fr\/mentions-legales\/\">Legal<\/a><\/span> (EN) I <span style=\"text-decoration: underline;\"><a href=\"https:\/\/www.sourcecode-exhibition.softwareheritage.org\/fr\/mentions-legales\/\">Mentions l\u00e9gales &amp; Donn\u00e9es personnelles<\/a><\/span> (FR)<\/p>\n<p>[\/et_pb_text][\/et_pb_column][\/et_pb_row][\/et_pb_section]<\/p>\n","protected":false},"excerpt":{"rendered":"<p>SOURCECODEEXHIBITIONEn 2026, Software Heritage c\u00e9l\u00e8bre son 10e anniversaire. Pour marquer cet \u00e9v\u00e9nement, Software Heritage et Inria ont d\u00e9cid\u00e9 de mettre en place un dispositif original : une exposition de codes source. L\u2019exposition, inaugur\u00e9e lors du Symposium annuel Software Heritage 2026 au si\u00e8ge de l\u2019UNESCO \u00e0 Paris le 28 janvier, est \u00e9galement mise \u00e0 disposition en [&hellip;]<\/p>\n","protected":false},"author":5,"featured_media":0,"parent":0,"menu_order":0,"comment_status":"closed","ping_status":"closed","template":"","meta":{"_et_pb_use_builder":"on","_et_pb_old_content":"","_et_gb_content_width":"","footnotes":""},"class_list":["post-1246","page","type-page","status-publish","hentry"],"_links":{"self":[{"href":"https:\/\/www.sourcecode-exhibition.softwareheritage.org\/fr\/wp-json\/wp\/v2\/pages\/1246","targetHints":{"allow":["GET"]}}],"collection":[{"href":"https:\/\/www.sourcecode-exhibition.softwareheritage.org\/fr\/wp-json\/wp\/v2\/pages"}],"about":[{"href":"https:\/\/www.sourcecode-exhibition.softwareheritage.org\/fr\/wp-json\/wp\/v2\/types\/page"}],"author":[{"embeddable":true,"href":"https:\/\/www.sourcecode-exhibition.softwareheritage.org\/fr\/wp-json\/wp\/v2\/users\/5"}],"replies":[{"embeddable":true,"href":"https:\/\/www.sourcecode-exhibition.softwareheritage.org\/fr\/wp-json\/wp\/v2\/comments?post=1246"}],"version-history":[{"count":35,"href":"https:\/\/www.sourcecode-exhibition.softwareheritage.org\/fr\/wp-json\/wp\/v2\/pages\/1246\/revisions"}],"predecessor-version":[{"id":1667,"href":"https:\/\/www.sourcecode-exhibition.softwareheritage.org\/fr\/wp-json\/wp\/v2\/pages\/1246\/revisions\/1667"}],"wp:attachment":[{"href":"https:\/\/www.sourcecode-exhibition.softwareheritage.org\/fr\/wp-json\/wp\/v2\/media?parent=1246"}],"curies":[{"name":"wp","href":"https:\/\/api.w.org\/{rel}","templated":true}]}}